{"id":16,"date":"2022-10-28T22:25:20","date_gmt":"2022-10-28T20:25:20","guid":{"rendered":"https:\/\/familienetvaerket-kolding.dk\/?page_id=16"},"modified":"2022-10-28T22:25:20","modified_gmt":"2022-10-28T20:25:20","slug":"om","status":"publish","type":"page","link":"https:\/\/familienetvaerket-kolding.dk\/index.php\/om\/","title":{"rendered":"Om"},"content":{"rendered":"\n<p>Familienetv\u00e6rket er et tilbud til omst\u00e6ndighedsramte familier, hvor fx arbejdsl\u00f8shed, sygdom, d\u00f8dsfald eller skilsmisse har gjort kraftigt indhug i de voksnes personlige ressourcer. Der kan v\u00e6re mange \u00e5rsager til, at overskuddet forsvinder.<\/p>\n\n\n\n<p>Familienetv\u00e6rket er et pusterum midt i hverdagens mange krav og en mulighed for at v\u00e6re sammen med andre mennesker i lignende situationer. Ofte knyttes der b\u00e5nd, der ogs\u00e5 tr\u00e6kkes i gennem hele ugen, ikke kun til de faste arrangementer. Det er med til at bryde isolation. Selv om det kan v\u00e6re sv\u00e6rt at forst\u00e5 og l\u00f8se andres problemer, hj\u00e6lper det ofte p\u00e5 livsmodet at snakke om dem med nogen, der forst\u00e5r.<\/p>\n","protected":false},"excerpt":{"rendered":"<p>Familienetv\u00e6rket er et tilbud til omst\u00e6ndighedsramte familier, hvor fx arbejdsl\u00f8shed, sygdom, d\u00f8dsfald eller skilsmisse har gjort kraftigt indhug i de voksnes personlige ressourcer. Der kan v\u00e6re mange \u00e5rsager til, at overskuddet forsvinder. Familienetv\u00e6rket er et pusterum midt i hverdagens mange krav og en mulighed for at v\u00e6re sammen med andre mennesker i lignende situationer. Ofte [&hellip;]<\/p>\n","protected":false},"author":1,"featured_media":0,"parent":0,"menu_order":0,"comment_status":"closed","ping_status":"closed","template":"","meta":[],"_links":{"self":[{"href":"https:\/\/familienetvaerket-kolding.dk\/index.php\/wp-json\/wp\/v2\/pages\/16"}],"collection":[{"href":"https:\/\/familienetvaerket-kolding.dk\/index.php\/wp-json\/wp\/v2\/pages"}],"about":[{"href":"https:\/\/familienetvaerket-kolding.dk\/index.php\/wp-json\/wp\/v2\/types\/page"}],"author":[{"embeddable":true,"href":"https:\/\/familienetvaerket-kolding.dk\/index.php\/wp-json\/wp\/v2\/users\/1"}],"replies":[{"embeddable":true,"href":"https:\/\/familienetvaerket-kolding.dk\/index.php\/wp-json\/wp\/v2\/comments?post=16"}],"version-history":[{"count":1,"href":"https:\/\/familienetvaerket-kolding.dk\/index.php\/wp-json\/wp\/v2\/pages\/16\/revisions"}],"predecessor-version":[{"id":17,"href":"https:\/\/familienetvaerket-kolding.dk\/index.php\/wp-json\/wp\/v2\/pages\/16\/revisions\/17"}],"wp:attachment":[{"href":"https:\/\/familienetvaerket-kolding.dk\/index.php\/wp-json\/wp\/v2\/media?parent=16"}],"curies":[{"name":"wp","href":"https:\/\/api.w.org\/{rel}","templated":true}]}}